{"id":8026,"date":"2024-11-29T21:44:02","date_gmt":"2024-11-30T03:44:02","guid":{"rendered":"https:\/\/izcalli.com\/ropadelino\/?post_type=product&#038;p=8026"},"modified":"2024-11-29T21:44:02","modified_gmt":"2024-11-30T03:44:02","slug":"guayabera-de-lino-mamey-presidencial-para-mancuernillas","status":"publish","type":"product","link":"https:\/\/izcalli.com\/ropadelino\/producto\/guayabera-de-lino-mamey-presidencial-para-mancuernillas\/","title":{"rendered":"Guayabera De Lino Mamey Presidencial Para Mancuernillas"},"content":{"rendered":"<p>Esta guayabera en tono mamey es una prenda que destaca por su elegancia y dise\u00f1o exclusivo. Elaborada con lino de alta calidad, cuenta con tres bolsillos funcionales y detalles de alforzas en el frente, lo que la convierte en un modelo presidencial ideal para ocasiones formales. Dise\u00f1ada espec\u00edficamente para usarse con mancuernillas, combina sofisticaci\u00f3n y tradici\u00f3n en una sola pieza.<\/p>\n<h3>Caracter\u00edsticas:<\/h3>\n<ul>\n<li><strong>Material<\/strong>: Lino fresco y transpirable, perfecto para eventos en cualquier clima.<\/li>\n<li><strong>Dise\u00f1o presidencial<\/strong>: Tres bolsillos y alforzas finamente elaboradas que reflejan distinci\u00f3n.<\/li>\n<li><strong>Para mancuernillas<\/strong>: Pu\u00f1os dise\u00f1ados para a\u00f1adir un toque de elegancia extra.<\/li>\n<li><strong>Color mamey<\/strong>: Tonalidad vibrante que aporta frescura y estilo.<\/li>\n<\/ul>\n<p><strong>Luce impecable en bodas, eventos culturales o reuniones formales con esta guayabera que combina tradici\u00f3n, elegancia y funcionalidad. \u00a1Hazla parte de tu guardarropa hoy mismo!<\/strong><\/p>\n<p>#GuayaberasDeLino #ModeloPresidencial #EstiloConMancuernillas<\/p>\n","protected":false},"excerpt":{"rendered":"<p>Esta guayabera en tono mamey es una prenda que destaca por su elegancia y dise\u00f1o exclusivo. Elaborada con lino de alta calidad, cuenta con tres bolsillos funcionales y detalles de alforzas en el frente, lo que la convierte en un modelo presidencial ideal para ocasiones formales. Dise\u00f1ada espec\u00edficamente para usarse con mancuernillas, combina sofisticaci\u00f3n y [&hellip;]<\/p>\n","protected":false},"featured_media":7986,"comment_status":"closed","ping_status":"closed","template":"","meta":{"_et_pb_use_builder":"","_et_pb_old_content":"","_et_gb_content_width":""},"product_brand":[],"product_cat":[27,34],"product_tag":[],"class_list":{"0":"post-8026","1":"product","2":"type-product","3":"status-publish","4":"has-post-thumbnail","6":"product_cat-hombre","7":"product_cat-guayaberas-para-hombre","9":"first","10":"instock","11":"taxable","12":"shipping-taxable","13":"purchasable","14":"product-type-variable","15":"has-default-attributes"},"_links":{"self":[{"href":"https:\/\/izcalli.com\/ropadelino\/wp-json\/wp\/v2\/product\/8026","targetHints":{"allow":["GET"]}}],"collection":[{"href":"https:\/\/izcalli.com\/ropadelino\/wp-json\/wp\/v2\/product"}],"about":[{"href":"https:\/\/izcalli.com\/ropadelino\/wp-json\/wp\/v2\/types\/product"}],"replies":[{"embeddable":true,"href":"https:\/\/izcalli.com\/ropadelino\/wp-json\/wp\/v2\/comments?post=8026"}],"wp:featuredmedia":[{"embeddable":true,"href":"https:\/\/izcalli.com\/ropadelino\/wp-json\/wp\/v2\/media\/7986"}],"wp:attachment":[{"href":"https:\/\/izcalli.com\/ropadelino\/wp-json\/wp\/v2\/media?parent=8026"}],"wp:term":[{"taxonomy":"product_brand","embeddable":true,"href":"https:\/\/izcalli.com\/ropadelino\/wp-json\/wp\/v2\/product_brand?post=8026"},{"taxonomy":"product_cat","embeddable":true,"href":"https:\/\/izcalli.com\/ropadelino\/wp-json\/wp\/v2\/product_cat?post=8026"},{"taxonomy":"product_tag","embeddable":true,"href":"https:\/\/izcalli.com\/ropadelino\/wp-json\/wp\/v2\/product_tag?post=8026"}],"curies":[{"name":"wp","href":"https:\/\/api.w.org\/{rel}","templated":true}]}}