{"id":8057,"date":"2024-11-29T22:17:23","date_gmt":"2024-11-30T04:17:23","guid":{"rendered":"https:\/\/izcalli.com\/ropadelino\/?post_type=product&#038;p=8057"},"modified":"2025-02-05T21:40:31","modified_gmt":"2025-02-06T03:40:31","slug":"guayabera-de-lino-verde-oliva-con-bordado-de-inspiracion-floral-y-diseno-formal","status":"publish","type":"product","link":"https:\/\/izcalli.com\/ropadelino\/producto\/guayabera-de-lino-verde-oliva-con-bordado-de-inspiracion-floral-y-diseno-formal\/","title":{"rendered":"Guayabera De Lino Verde Olivo Con Bordado De Inspiraci\u00f3n Floral Y Dise\u00f1o Formal"},"content":{"rendered":"<p>Esta guayabera en tono verde olivo\u00a0es una prenda que combina elegancia y distinci\u00f3n. Confeccionada en lino de alta calidad, cuenta con detalles de bordados de inspiraci\u00f3n floral en tonos contrastantes que le otorgan un toque \u00fanico y artesanal. Dise\u00f1ada para eventos formales, incluye pu\u00f1os para mancuernillas, lo que a\u00f1ade un elemento de sofisticaci\u00f3n ideal para ocasiones especiales.<\/p>\n<h3>Caracter\u00edsticas:<\/h3>\n<ul>\n<li><strong>Material<\/strong>: Lino fresco y ligero, ideal para climas c\u00e1lidos.<\/li>\n<li><strong>Dise\u00f1o exclusivo<\/strong>: Bordados florales detallados que destacan su estilo tradicional y refinado.<\/li>\n<li><strong>Detalles funcionales<\/strong>: Pu\u00f1os para mancuernillas que elevan el nivel de formalidad.<\/li>\n<li><strong>Versatilidad<\/strong>: Perfecta para bodas, eventos culturales o reuniones formales.<\/li>\n<\/ul>\n<p><strong>Incorpora esta guayabera a tu guardarropa y luce una prenda que mezcla tradici\u00f3n, estilo y modernidad con un dise\u00f1o exclusivo. \u00a1Hazla tuya hoy mismo!<\/strong><\/p>\n<p>#GuayaberasDeLino #EstiloElegante #ModaMexicana<\/p>\n","protected":false},"excerpt":{"rendered":"<p>Esta guayabera en tono verde olivo\u00a0es una prenda que combina elegancia y distinci\u00f3n. Confeccionada en lino de alta calidad, cuenta con detalles de bordados de inspiraci\u00f3n floral en tonos contrastantes que le otorgan un toque \u00fanico y artesanal. Dise\u00f1ada para eventos formales, incluye pu\u00f1os para mancuernillas, lo que a\u00f1ade un elemento de sofisticaci\u00f3n ideal para [&hellip;]<\/p>\n","protected":false},"featured_media":7992,"comment_status":"closed","ping_status":"closed","template":"","meta":{"_et_pb_use_builder":"","_et_pb_old_content":"","_et_gb_content_width":""},"product_brand":[],"product_cat":[27,34],"product_tag":[],"class_list":{"0":"post-8057","1":"product","2":"type-product","3":"status-publish","4":"has-post-thumbnail","6":"product_cat-hombre","7":"product_cat-guayaberas-para-hombre","9":"first","10":"instock","11":"taxable","12":"shipping-taxable","13":"purchasable","14":"product-type-variable","15":"has-default-attributes"},"_links":{"self":[{"href":"https:\/\/izcalli.com\/ropadelino\/wp-json\/wp\/v2\/product\/8057","targetHints":{"allow":["GET"]}}],"collection":[{"href":"https:\/\/izcalli.com\/ropadelino\/wp-json\/wp\/v2\/product"}],"about":[{"href":"https:\/\/izcalli.com\/ropadelino\/wp-json\/wp\/v2\/types\/product"}],"replies":[{"embeddable":true,"href":"https:\/\/izcalli.com\/ropadelino\/wp-json\/wp\/v2\/comments?post=8057"}],"wp:featuredmedia":[{"embeddable":true,"href":"https:\/\/izcalli.com\/ropadelino\/wp-json\/wp\/v2\/media\/7992"}],"wp:attachment":[{"href":"https:\/\/izcalli.com\/ropadelino\/wp-json\/wp\/v2\/media?parent=8057"}],"wp:term":[{"taxonomy":"product_brand","embeddable":true,"href":"https:\/\/izcalli.com\/ropadelino\/wp-json\/wp\/v2\/product_brand?post=8057"},{"taxonomy":"product_cat","embeddable":true,"href":"https:\/\/izcalli.com\/ropadelino\/wp-json\/wp\/v2\/product_cat?post=8057"},{"taxonomy":"product_tag","embeddable":true,"href":"https:\/\/izcalli.com\/ropadelino\/wp-json\/wp\/v2\/product_tag?post=8057"}],"curies":[{"name":"wp","href":"https:\/\/api.w.org\/{rel}","templated":true}]}}